{"id":126272,"date":"2024-12-18T17:09:53","date_gmt":"2024-12-18T22:09:53","guid":{"rendered":"https:\/\/latam.cognita.network\/gimnorte-v2\/?page_id=126272"},"modified":"2026-02-27T15:14:21","modified_gmt":"2026-02-27T20:14:21","slug":"politicas","status":"publish","type":"page","link":"https:\/\/colegiobureche.edu.co\/es\/politicas\/","title":{"rendered":"Pol\u00edticas"},"content":{"rendered":"\t\t<div data-elementor-type=\"wp-page\" data-elementor-id=\"126272\" class=\"elementor elementor-126272\" data-elementor-post-type=\"page\">\n\t\t\t\t<div class=\"elementor-element elementor-element-10999f19 e-con-full e-flex e-con e-child\" data-id=\"10999f19\" data-element_type=\"container\" data-e-type=\"container\" data-settings=\"{&quot;background_background&quot;:&quot;classic&quot;}\">\n\t\t\t\t<div class=\"elementor-element elementor-element-64596326 elementor-widget elementor-widget-image\" data-id=\"64596326\" data-element_type=\"widget\" data-e-type=\"widget\" data-widget_type=\"image.default\">\n\t\t\t\t<div class=\"elementor-widget-container\">\n\t\t\t\t\t\t\t\t\t\t\t\t\t\t\t<img decoding=\"async\" src=\"https:\/\/colegiobureche.edu.co\/wp-content\/uploads\/sites\/33\/2025\/01\/MG_3068-min-scaled-2.jpg?w=2048\" title=\"_MG_3068-min\" alt=\"_MG_3068-min\" loading=\"lazy\" \/>\t\t\t\t\t\t\t\t\t\t\t\t\t\t\t<\/div>\n\t\t\t\t<\/div>\n\t\t\t\t<\/div>\n\t\t<div class=\"elementor-element elementor-element-ee46959 e-flex e-con-boxed e-con e-parent\" data-id=\"ee46959\" data-element_type=\"container\" data-e-type=\"container\">\n\t\t\t\t\t<div class=\"e-con-inner\">\n\t\t\t\t<div class=\"elementor-element elementor-element-f43d962 elementor-widget elementor-widget-text-editor\" data-id=\"f43d962\" data-element_type=\"widget\" data-e-type=\"widget\" data-widget_type=\"text-editor.default\">\n\t\t\t\t<div class=\"elementor-widget-container\">\n\t\t\t\t\t\t\t\t\t<ul><li><a href=\"https:\/\/colegiobureche.edu.co\/wp-content\/uploads\/sites\/33\/2025\/02\/Politica-de-Tratamiento-de-Datos-Personales.pdf\">Pol\u00edticas de Protecci\u00f3n y Tratamiento de Datos Personales<\/a><\/li><li><a href=\"https:\/\/colegiobureche.edu.co\/wp-content\/uploads\/sites\/33\/2026\/02\/CBSM-Manual-de-Convivencia-2026.pdf\">Manual de convivencia<\/a><\/li><li>Pol\u00edtica de calidad<\/li><\/ul>\t\t\t\t\t\t\t\t<\/div>\n\t\t\t\t<\/div>\n\t\t\t\t\t<\/div>\n\t\t\t\t<\/div>\n\t\t\t\t<\/div>\n\t\t","protected":false},"excerpt":{"rendered":"<p>Pol\u00edticas de Protecci\u00f3n y Tratamiento de Datos Personales Manual de convivencia Pol\u00edtica de calidad<\/p>\n","protected":false},"author":14,"featured_media":0,"parent":0,"menu_order":0,"comment_status":"closed","ping_status":"closed","template":"elementor_header_footer","meta":{"_acf_changed":false,"content-type":"","footnotes":""},"class_list":["post-126272","page","type-page","status-publish","hentry"],"acf":[],"yoast_head":"<!-- This site is optimized with the Yoast SEO plugin v27.1.1 - https:\/\/yoast.com\/product\/yoast-seo-wordpress\/ -->\n<title>Pol\u00edticas - Bureche School | Biling\u00fce Internacional<\/title>\n<meta name=\"robots\" content=\"index, follow, max-snippet:-1, max-image-preview:large, max-video-preview:-1\" \/>\n<link rel=\"canonical\" href=\"https:\/\/colegiobureche.edu.co\/es\/politicas\/\" \/>\n<meta property=\"og:locale\" content=\"es_ES\" \/>\n<meta property=\"og:type\" content=\"article\" \/>\n<meta property=\"og:title\" content=\"Pol\u00edticas - Bureche School | Biling\u00fce Internacional\" \/>\n<meta property=\"og:description\" content=\"Pol\u00edticas de Protecci\u00f3n y Tratamiento de Datos Personales Manual de convivencia Pol\u00edtica de calidad\" \/>\n<meta property=\"og:url\" content=\"https:\/\/colegiobureche.edu.co\/es\/politicas\/\" \/>\n<meta property=\"og:site_name\" content=\"Bureche School | Biling\u00fce Internacional\" \/>\n<meta property=\"article:publisher\" content=\"https:\/\/www.facebook.com\/BurecheSchoolSM\/\" \/>\n<meta property=\"article:modified_time\" content=\"2026-02-27T20:14:21+00:00\" \/>\n<meta property=\"og:image\" content=\"https:\/\/colegiobureche.edu.co\/wp-content\/uploads\/sites\/33\/2025\/01\/MG_3068-min-scaled-2.jpg?w=2048\" \/>\n<meta name=\"twitter:card\" content=\"summary_large_image\" \/>\n<meta name=\"twitter:label1\" content=\"Tiempo de lectura\" \/>\n\t<meta name=\"twitter:data1\" content=\"1 minuto\" \/>\n<script type=\"application\/ld+json\" class=\"yoast-schema-graph\">{\"@context\":\"https:\/\/schema.org\",\"@graph\":[{\"@type\":\"WebPage\",\"@id\":\"https:\/\/colegiobureche.edu.co\/es\/politicas\/\",\"url\":\"https:\/\/colegiobureche.edu.co\/es\/politicas\/\",\"name\":\"Pol\u00edticas - Bureche School | Biling\u00fce Internacional\",\"isPartOf\":{\"@id\":\"https:\/\/colegiobureche.edu.co\/es\/#website\"},\"primaryImageOfPage\":{\"@id\":\"https:\/\/colegiobureche.edu.co\/es\/politicas\/#primaryimage\"},\"image\":{\"@id\":\"https:\/\/colegiobureche.edu.co\/es\/politicas\/#primaryimage\"},\"thumbnailUrl\":\"https:\/\/colegiobureche.edu.co\/wp-content\/uploads\/sites\/33\/2025\/01\/MG_3068-min-scaled-2.jpg?w=2048\",\"datePublished\":\"2024-12-18T22:09:53+00:00\",\"dateModified\":\"2026-02-27T20:14:21+00:00\",\"breadcrumb\":{\"@id\":\"https:\/\/colegiobureche.edu.co\/es\/politicas\/#breadcrumb\"},\"inLanguage\":\"es\",\"potentialAction\":[{\"@type\":\"ReadAction\",\"target\":[\"https:\/\/colegiobureche.edu.co\/es\/politicas\/\"]}]},{\"@type\":\"ImageObject\",\"inLanguage\":\"es\",\"@id\":\"https:\/\/colegiobureche.edu.co\/es\/politicas\/#primaryimage\",\"url\":\"https:\/\/colegiobureche.edu.co\/wp-content\/uploads\/sites\/33\/2025\/01\/MG_3068-min-scaled-2.jpg?w=2048\",\"contentUrl\":\"https:\/\/colegiobureche.edu.co\/wp-content\/uploads\/sites\/33\/2025\/01\/MG_3068-min-scaled-2.jpg?w=2048\"},{\"@type\":\"BreadcrumbList\",\"@id\":\"https:\/\/colegiobureche.edu.co\/es\/politicas\/#breadcrumb\",\"itemListElement\":[{\"@type\":\"ListItem\",\"position\":1,\"name\":\"Home\",\"item\":\"https:\/\/colegiobureche.edu.co\/es\/\"},{\"@type\":\"ListItem\",\"position\":2,\"name\":\"Pol\u00edticas\"}]},{\"@type\":\"WebSite\",\"@id\":\"https:\/\/colegiobureche.edu.co\/es\/#website\",\"url\":\"https:\/\/colegiobureche.edu.co\/es\/\",\"name\":\"Bureche School | Biling\u00fce Internacional\",\"description\":\"Somos el mejor colegio biling\u00fce internacional de Santa Marta. \u00danicos con Bachillerato Internacional (IB Diploma) en la ciudad y curr\u00edculos de desarrollo socioemocional (Ruler). \u00a1Dale la mejor educaci\u00f3n a tus hijos!\",\"publisher\":{\"@id\":\"https:\/\/colegiobureche.edu.co\/es\/#organization\"},\"potentialAction\":[{\"@type\":\"SearchAction\",\"target\":{\"@type\":\"EntryPoint\",\"urlTemplate\":\"https:\/\/colegiobureche.edu.co\/es\/?s={search_term_string}\"},\"query-input\":{\"@type\":\"PropertyValueSpecification\",\"valueRequired\":true,\"valueName\":\"search_term_string\"}}],\"inLanguage\":\"es\"},{\"@type\":\"Organization\",\"@id\":\"https:\/\/colegiobureche.edu.co\/es\/#organization\",\"name\":\"Bureche School | Biling\u00fce Internacional\",\"url\":\"https:\/\/colegiobureche.edu.co\/es\/\",\"logo\":{\"@type\":\"ImageObject\",\"inLanguage\":\"es\",\"@id\":\"https:\/\/colegiobureche.edu.co\/es\/#\/schema\/logo\/image\/\",\"url\":\"https:\/\/colegiobureche.edu.co\/wp-content\/uploads\/sites\/33\/2024\/11\/cropped-LogoBureche-2.png\",\"contentUrl\":\"https:\/\/colegiobureche.edu.co\/wp-content\/uploads\/sites\/33\/2024\/11\/cropped-LogoBureche-2.png\",\"width\":808,\"height\":388,\"caption\":\"Bureche School | Biling\u00fce Internacional\"},\"image\":{\"@id\":\"https:\/\/colegiobureche.edu.co\/es\/#\/schema\/logo\/image\/\"},\"sameAs\":[\"https:\/\/www.facebook.com\/BurecheSchoolSM\/\",\"https:\/\/www.instagram.com\/burecheschool\/\",\"https:\/\/www.youtube.com\/channel\/UCYJrF2OYgQAIcwhwcOyM5qw\"]}]}<\/script>\n<!-- \/ Yoast SEO plugin. -->","yoast_head_json":{"title":"Pol\u00edticas - Bureche School | Biling\u00fce Internacional","robots":{"index":"index","follow":"follow","max-snippet":"max-snippet:-1","max-image-preview":"max-image-preview:large","max-video-preview":"max-video-preview:-1"},"canonical":"https:\/\/colegiobureche.edu.co\/es\/politicas\/","og_locale":"es_ES","og_type":"article","og_title":"Pol\u00edticas - Bureche School | Biling\u00fce Internacional","og_description":"Pol\u00edticas de Protecci\u00f3n y Tratamiento de Datos Personales Manual de convivencia Pol\u00edtica de calidad","og_url":"https:\/\/colegiobureche.edu.co\/es\/politicas\/","og_site_name":"Bureche School | Biling\u00fce Internacional","article_publisher":"https:\/\/www.facebook.com\/BurecheSchoolSM\/","article_modified_time":"2026-02-27T20:14:21+00:00","og_image":[{"url":"https:\/\/colegiobureche.edu.co\/wp-content\/uploads\/sites\/33\/2025\/01\/MG_3068-min-scaled-2.jpg?w=2048","type":"","width":"","height":""}],"twitter_card":"summary_large_image","twitter_misc":{"Tiempo de lectura":"1 minuto"},"schema":{"@context":"https:\/\/schema.org","@graph":[{"@type":"WebPage","@id":"https:\/\/colegiobureche.edu.co\/es\/politicas\/","url":"https:\/\/colegiobureche.edu.co\/es\/politicas\/","name":"Pol\u00edticas - Bureche School | Biling\u00fce Internacional","isPartOf":{"@id":"https:\/\/colegiobureche.edu.co\/es\/#website"},"primaryImageOfPage":{"@id":"https:\/\/colegiobureche.edu.co\/es\/politicas\/#primaryimage"},"image":{"@id":"https:\/\/colegiobureche.edu.co\/es\/politicas\/#primaryimage"},"thumbnailUrl":"https:\/\/colegiobureche.edu.co\/wp-content\/uploads\/sites\/33\/2025\/01\/MG_3068-min-scaled-2.jpg?w=2048","datePublished":"2024-12-18T22:09:53+00:00","dateModified":"2026-02-27T20:14:21+00:00","breadcrumb":{"@id":"https:\/\/colegiobureche.edu.co\/es\/politicas\/#breadcrumb"},"inLanguage":"es","potentialAction":[{"@type":"ReadAction","target":["https:\/\/colegiobureche.edu.co\/es\/politicas\/"]}]},{"@type":"ImageObject","inLanguage":"es","@id":"https:\/\/colegiobureche.edu.co\/es\/politicas\/#primaryimage","url":"https:\/\/colegiobureche.edu.co\/wp-content\/uploads\/sites\/33\/2025\/01\/MG_3068-min-scaled-2.jpg?w=2048","contentUrl":"https:\/\/colegiobureche.edu.co\/wp-content\/uploads\/sites\/33\/2025\/01\/MG_3068-min-scaled-2.jpg?w=2048"},{"@type":"BreadcrumbList","@id":"https:\/\/colegiobureche.edu.co\/es\/politicas\/#breadcrumb","itemListElement":[{"@type":"ListItem","position":1,"name":"Home","item":"https:\/\/colegiobureche.edu.co\/es\/"},{"@type":"ListItem","position":2,"name":"Pol\u00edticas"}]},{"@type":"WebSite","@id":"https:\/\/colegiobureche.edu.co\/es\/#website","url":"https:\/\/colegiobureche.edu.co\/es\/","name":"Bureche School | Biling\u00fce Internacional","description":"Somos el mejor colegio biling\u00fce internacional de Santa Marta. \u00danicos con Bachillerato Internacional (IB Diploma) en la ciudad y curr\u00edculos de desarrollo socioemocional (Ruler). \u00a1Dale la mejor educaci\u00f3n a tus hijos!","publisher":{"@id":"https:\/\/colegiobureche.edu.co\/es\/#organization"},"potentialAction":[{"@type":"SearchAction","target":{"@type":"EntryPoint","urlTemplate":"https:\/\/colegiobureche.edu.co\/es\/?s={search_term_string}"},"query-input":{"@type":"PropertyValueSpecification","valueRequired":true,"valueName":"search_term_string"}}],"inLanguage":"es"},{"@type":"Organization","@id":"https:\/\/colegiobureche.edu.co\/es\/#organization","name":"Bureche School | Biling\u00fce Internacional","url":"https:\/\/colegiobureche.edu.co\/es\/","logo":{"@type":"ImageObject","inLanguage":"es","@id":"https:\/\/colegiobureche.edu.co\/es\/#\/schema\/logo\/image\/","url":"https:\/\/colegiobureche.edu.co\/wp-content\/uploads\/sites\/33\/2024\/11\/cropped-LogoBureche-2.png","contentUrl":"https:\/\/colegiobureche.edu.co\/wp-content\/uploads\/sites\/33\/2024\/11\/cropped-LogoBureche-2.png","width":808,"height":388,"caption":"Bureche School | Biling\u00fce Internacional"},"image":{"@id":"https:\/\/colegiobureche.edu.co\/es\/#\/schema\/logo\/image\/"},"sameAs":["https:\/\/www.facebook.com\/BurecheSchoolSM\/","https:\/\/www.instagram.com\/burecheschool\/","https:\/\/www.youtube.com\/channel\/UCYJrF2OYgQAIcwhwcOyM5qw"]}]}},"jetpack_sharing_enabled":true,"_links":{"self":[{"href":"https:\/\/colegiobureche.edu.co\/es\/wp-json\/wp\/v2\/pages\/126272","targetHints":{"allow":["GET"]}}],"collection":[{"href":"https:\/\/colegiobureche.edu.co\/es\/wp-json\/wp\/v2\/pages"}],"about":[{"href":"https:\/\/colegiobureche.edu.co\/es\/wp-json\/wp\/v2\/types\/page"}],"author":[{"embeddable":true,"href":"https:\/\/colegiobureche.edu.co\/es\/wp-json\/wp\/v2\/users\/14"}],"replies":[{"embeddable":true,"href":"https:\/\/colegiobureche.edu.co\/es\/wp-json\/wp\/v2\/comments?post=126272"}],"version-history":[{"count":20,"href":"https:\/\/colegiobureche.edu.co\/es\/wp-json\/wp\/v2\/pages\/126272\/revisions"}],"predecessor-version":[{"id":129812,"href":"https:\/\/colegiobureche.edu.co\/es\/wp-json\/wp\/v2\/pages\/126272\/revisions\/129812"}],"wp:attachment":[{"href":"https:\/\/colegiobureche.edu.co\/es\/wp-json\/wp\/v2\/media?parent=126272"}],"curies":[{"name":"wp","href":"https:\/\/api.w.org\/{rel}","templated":true}]}}